{"id":71,"date":"2020-02-04T19:07:26","date_gmt":"2020-02-04T19:07:26","guid":{"rendered":"https:\/\/www.btgamericas.com\/site\/?page_id=71"},"modified":"2020-10-01T02:32:20","modified_gmt":"2020-10-01T02:32:20","slug":"btg-verde","status":"publish","type":"page","link":"https:\/\/www.btgamericas.com\/en\/btg-verde\/","title":{"rendered":"BTG Green"},"content":{"rendered":"<p>[et_pb_section fb_built=&#8221;1&#8243; _builder_version=&#8221;4.6.5&#8243; background_enable_color=&#8221;off&#8221; custom_padding=&#8221;0px||0px|||&#8221;][et_pb_row _builder_version=&#8221;4.6.5&#8243; width=&#8221;100%&#8221; max_width=&#8221;1440px&#8221; module_alignment=&#8221;center&#8221; custom_padding=&#8221;0px||0px|||&#8221;][et_pb_column type=&#8221;4_4&#8243; _builder_version=&#8221;4.2.2&#8243;][et_pb_image src=&#8221;https:\/\/www.btgamericas.com\/site\/wp-content\/uploads\/2020\/09\/btgverde2.jpg&#8221; title_text=&#8221;btgverde2&#8243; _builder_version=&#8221;4.6.5&#8243; _module_preset=&#8221;default&#8221;][\/et_pb_image][\/et_pb_column][\/et_pb_row][\/et_pb_section][et_pb_section fb_built=&#8221;1&#8243; _builder_version=&#8221;4.2.2&#8243; custom_padding=&#8221;27px||0px|||&#8221;][et_pb_row column_structure=&#8221;1_2,1_2&#8243; _builder_version=&#8221;4.2.2&#8243; width=&#8221;98%&#8221; max_width=&#8221;1440px&#8221; module_alignment=&#8221;center&#8221;][et_pb_column type=&#8221;1_2&#8243; _builder_version=&#8221;4.2.2&#8243;][et_pb_text _builder_version=&#8221;4.2.2&#8243; text_orientation=&#8221;justified&#8221;]<\/p>\n<p>BTG Am\u00e9ricas contribuye al impulso hacia un mundo sustentable en armon\u00eda con la naturaleza al proveer productos, sistemas y aplicaciones para el desarrollo de edificios \u201cVerdes\u201d. El dise\u00f1\u00f3 \u201cVerde\u201d, incluye un enfoque hol\u00edstico para entender el impacto total del edificio con el medio ambiente. <br \/>El Consejo de la Construcci\u00f3n Ecol\u00f3gica de Estados Unidos (US Green Building Council &#8211; USGBC) es una organizaci\u00f3n sin fines de lucro integrada por un grupo de disciplinas de diversas \u00e1reas, que en conjunto promueven la conciencia ambiental para el dise\u00f1o y m\u00e9todos de construcci\u00f3n. El USGBC influye en el modo como los edificios son dise\u00f1ados, construidos y operados, estableciendo par\u00e1metros de medici\u00f3n por medio de LEED (Liderazgo en Dise\u00f1o Ambiental y Energ\u00e9tico).<\/p>\n<p>[\/et_pb_text][\/et_pb_column][et_pb_column type=&#8221;1_2&#8243; _builder_version=&#8221;4.2.2&#8243;][et_pb_text _builder_version=&#8221;4.2.2&#8243; text_orientation=&#8221;justified&#8221;]<\/p>\n<p>El sistema de calificaci\u00f3n LEED del USGBC promueve y acelera la adopci\u00f3n global de edificios verdes sustentables a trav\u00e9s del desarrollo de pr\u00e1cticas para la creaci\u00f3n e implementaci\u00f3n de herramientas y criterios de desempe\u00f1o que sean universalmente comprendidos.<\/p>\n<p>La calificaci\u00f3n LEED es una gu\u00eda y herramienta de certificaci\u00f3n de las m\u00e9tricas est\u00e1ndares de un edificio verde de aceptaci\u00f3n global, los par\u00e1metros de medici\u00f3n incluyen:<\/p>\n<p>[\/et_pb_text][\/et_pb_column][\/et_pb_row][et_pb_row column_structure=&#8221;1_4,1_4,1_4,1_4&#8243; _builder_version=&#8221;4.6.5&#8243; width=&#8221;98%&#8221; max_width=&#8221;1440px&#8221; module_alignment=&#8221;center&#8221; hover_enabled=&#8221;0&#8243; module_class=&#8221;doscolumnas&#8221; sticky_enabled=&#8221;0&#8243;][et_pb_column type=&#8221;1_4&#8243; _builder_version=&#8221;4.2.2&#8243;][et_pb_blurb title=&#8221;Sitios Sustentables&#8221; image=&#8221;https:\/\/www.btgamericas.com\/site\/wp-content\/uploads\/2020\/02\/green.svg&#8221; image_max_width=&#8221;25%&#8221; _builder_version=&#8221;4.2.2&#8243; header_level=&#8221;h2&#8243; header_text_align=&#8221;center&#8221; header_text_color=&#8221;#63b345&#8243; body_text_align=&#8221;center&#8221; text_orientation=&#8221;justified&#8221;][\/et_pb_blurb][\/et_pb_column][et_pb_column type=&#8221;1_4&#8243; _builder_version=&#8221;4.2.2&#8243;][et_pb_blurb title=&#8221;Eficiencia en consumo de agua&#8221; image=&#8221;https:\/\/www.btgamericas.com\/site\/wp-content\/uploads\/2020\/02\/water.svg&#8221; image_max_width=&#8221;25%&#8221; _builder_version=&#8221;4.2.2&#8243; header_level=&#8221;h2&#8243; header_text_align=&#8221;center&#8221; header_text_color=&#8221;#63b345&#8243; body_text_align=&#8221;center&#8221; text_orientation=&#8221;justified&#8221;][\/et_pb_blurb][\/et_pb_column][et_pb_column type=&#8221;1_4&#8243; _builder_version=&#8221;4.2.2&#8243;][et_pb_blurb title=&#8221;Energ\u00eda y atm\u00f3sfera&#8221; image=&#8221;https:\/\/www.btgamericas.com\/site\/wp-content\/uploads\/2020\/02\/summer.svg&#8221; image_max_width=&#8221;25%&#8221; _builder_version=&#8221;4.2.2&#8243; header_level=&#8221;h2&#8243; header_text_align=&#8221;center&#8221; header_text_color=&#8221;#63b345&#8243; body_text_align=&#8221;center&#8221; text_orientation=&#8221;justified&#8221;][\/et_pb_blurb][\/et_pb_column][et_pb_column type=&#8221;1_4&#8243; _builder_version=&#8221;4.2.2&#8243;][et_pb_blurb title=&#8221;Materiales y recursos&#8221; image=&#8221;https:\/\/www.btgamericas.com\/site\/wp-content\/uploads\/2020\/02\/arrow.svg&#8221; image_max_width=&#8221;25%&#8221; _builder_version=&#8221;4.2.2&#8243; header_level=&#8221;h2&#8243; header_text_align=&#8221;center&#8221; header_text_color=&#8221;#63b345&#8243; body_text_align=&#8221;center&#8221; text_orientation=&#8221;justified&#8221;][\/et_pb_blurb][\/et_pb_column][\/et_pb_row][et_pb_row column_structure=&#8221;1_4,1_4,1_4,1_4&#8243; _builder_version=&#8221;4.6.5&#8243; width=&#8221;98%&#8221; max_width=&#8221;1440px&#8221; module_alignment=&#8221;center&#8221; hover_enabled=&#8221;0&#8243; module_class=&#8221;doscolumnas&#8221; sticky_enabled=&#8221;0&#8243;][et_pb_column type=&#8221;1_4&#8243; _builder_version=&#8221;4.2.2&#8243;][et_pb_blurb title=&#8221;Calidad ambiental en interiores&#8221; image=&#8221;https:\/\/www.btgamericas.com\/site\/wp-content\/uploads\/2020\/02\/air.svg&#8221; image_max_width=&#8221;25%&#8221; _builder_version=&#8221;4.2.2&#8243; header_level=&#8221;h2&#8243; header_text_align=&#8221;center&#8221; header_text_color=&#8221;#63b345&#8243; body_text_align=&#8221;center&#8221; text_orientation=&#8221;justified&#8221;][\/et_pb_blurb][\/et_pb_column][et_pb_column type=&#8221;1_4&#8243; _builder_version=&#8221;4.2.2&#8243;][et_pb_blurb title=&#8221;Innovaciones en el dise\u00f1o&#8221; image=&#8221;https:\/\/www.btgamericas.com\/site\/wp-content\/uploads\/2020\/02\/architect.svg&#8221; image_max_width=&#8221;25%&#8221; _builder_version=&#8221;4.2.2&#8243; header_level=&#8221;h2&#8243; header_text_align=&#8221;center&#8221; header_text_color=&#8221;#63b345&#8243; body_text_align=&#8221;center&#8221; text_orientation=&#8221;justified&#8221;][\/et_pb_blurb][\/et_pb_column][et_pb_column type=&#8221;1_4&#8243; _builder_version=&#8221;4.2.2&#8243;][et_pb_blurb title=&#8221;Prioridad regional&#8221; image=&#8221;https:\/\/www.btgamericas.com\/site\/wp-content\/uploads\/2020\/02\/map.svg&#8221; image_max_width=&#8221;25%&#8221; _builder_version=&#8221;4.2.2&#8243; header_level=&#8221;h2&#8243; header_text_align=&#8221;center&#8221; header_text_color=&#8221;#63b345&#8243; body_text_align=&#8221;center&#8221; text_orientation=&#8221;justified&#8221;][\/et_pb_blurb][\/et_pb_column][et_pb_column type=&#8221;1_4&#8243; _builder_version=&#8221;4.2.2&#8243;][\/et_pb_column][\/et_pb_row][et_pb_row _builder_version=&#8221;4.2.2&#8243; width=&#8221;98%&#8221; max_width=&#8221;1440px&#8221; module_alignment=&#8221;center&#8221;][et_pb_column type=&#8221;4_4&#8243; _builder_version=&#8221;4.2.2&#8243;][et_pb_text _builder_version=&#8221;4.2.2&#8243; text_orientation=&#8221;justified&#8221;]<\/p>\n<p>En base al cumplimiento de sistema de calificaci\u00f3n existen prerrequisitos mandatorios y cr\u00e9ditos que se pueden obtener por las categor\u00edas listadas. En funci\u00f3n del sistema de puntos un edificio puede alcanzar el grado de certificaci\u00f3n por la puntuaci\u00f3n que fue posible acumular como sigue:<\/p>\n<h2><\/h2>\n<h3>Grado de Certificaci\u00f3n Construcci\u00f3n Nueva Construcci\u00f3n Existente<\/h3>\n<p>[\/et_pb_text][et_pb_image src=&#8221;https:\/\/www.btgamericas.com\/site\/wp-content\/uploads\/2020\/02\/certifications.jpg&#8221; align=&#8221;center&#8221; _builder_version=&#8221;4.2.2&#8243;][\/et_pb_image][\/et_pb_column][\/et_pb_row][et_pb_row column_structure=&#8221;2_5,3_5&#8243; _builder_version=&#8221;4.2.2&#8243; width=&#8221;98%&#8221; max_width=&#8221;1440px&#8221; module_alignment=&#8221;center&#8221;][et_pb_column type=&#8221;2_5&#8243; _builder_version=&#8221;4.2.2&#8243;][et_pb_text _builder_version=&#8221;4.2.2&#8243; text_orientation=&#8221;justified&#8221;]<\/p>\n<p>Existen 100 puntos base posibles m\u00e1s 6 adicionales por innovaci\u00f3n en el dise\u00f1o. LE PUEDE AYUDAR A QUE SU PROYECTO ALCANCE CERTIFICACI\u00d3N LEED<\/p>\n<p>Como proveedor de productos y sistemas para la administraci\u00f3n y control de la energ\u00eda as\u00ed como de una variedad de equipos y dispositivos para la reducci\u00f3n del consumo de agua, monitoreo y control de la calidad del aire, la experiencia y el conocimiento de estas aplicaciones BTG puede ser un importante aliado en este prop\u00f3sito.<\/p>\n<p>Dentro del sistema de puntuaci\u00f3n LEED 2009, BTG cuenta con soluciones que se aplican dentro de los siguientes par\u00e1metros:<\/p>\n<p>[\/et_pb_text][\/et_pb_column][et_pb_column type=&#8221;3_5&#8243; _builder_version=&#8221;4.2.2&#8243;][et_pb_image src=&#8221;https:\/\/www.btgamericas.com\/site\/wp-content\/uploads\/2020\/02\/btg-verde-tabla1.png&#8221; align=&#8221;center&#8221; _builder_version=&#8221;4.2.2&#8243;][\/et_pb_image][\/et_pb_column][\/et_pb_row][et_pb_row column_structure=&#8221;2_5,3_5&#8243; _builder_version=&#8221;4.2.2&#8243; width=&#8221;98%&#8221; max_width=&#8221;1440px&#8221; module_alignment=&#8221;center&#8221;][et_pb_column type=&#8221;2_5&#8243; _builder_version=&#8221;4.2.2&#8243;][et_pb_text _builder_version=&#8221;4.2.2&#8243; text_orientation=&#8221;justified&#8221;]<\/p>\n<p>Construcci\u00f3n nueva, cada uno de estos rubros listados tiene necesidades particulares y algunos de ellos requieren de otras especialidades que le son complementarias para obtener los puntos particulares.<\/p>\n<p>Construcci\u00f3n existente, de la misma manera que en Construcci\u00f3n Nueva cada uno de los rubros listados tiene necesidades particulares y algunos de ellos requieren de otras especialidades que le son complementarias para obtener los puntos particulares.<\/p>\n<p>[\/et_pb_text][\/et_pb_column][et_pb_column type=&#8221;3_5&#8243; _builder_version=&#8221;4.2.2&#8243;][et_pb_image src=&#8221;https:\/\/www.btgamericas.com\/site\/wp-content\/uploads\/2020\/02\/btg-verde-tabla2.png&#8221; align=&#8221;center&#8221; _builder_version=&#8221;4.2.2&#8243;][\/et_pb_image][\/et_pb_column][\/et_pb_row][\/et_pb_section][et_pb_section fb_built=&#8221;1&#8243; _builder_version=&#8221;4.2.2&#8243; background_color=&#8221;#63b345&#8243; custom_padding=&#8221;0px||0px|||&#8221;][et_pb_row _builder_version=&#8221;4.2.2&#8243;][et_pb_column type=&#8221;4_4&#8243; _builder_version=&#8221;4.2.2&#8243;][et_pb_blurb title=&#8221;EXPERIENCIA DE BTG EN EDIFICIOS VERDES&#8221; content_max_width=&#8221;1100px&#8221; _builder_version=&#8221;4.2.2&#8243; header_level=&#8221;h1&#8243; header_font=&#8221;|800|||||||&#8221; header_text_align=&#8221;center&#8221; header_text_color=&#8221;#ffffff&#8221; header_font_size=&#8221;38px&#8221;][\/et_pb_blurb][\/et_pb_column][\/et_pb_row][\/et_pb_section][et_pb_section fb_built=&#8221;1&#8243; _builder_version=&#8221;4.2.2&#8243;][et_pb_row column_structure=&#8221;1_2,1_2&#8243; _builder_version=&#8221;4.2.2&#8243; width=&#8221;98%&#8221; max_width=&#8221;1440px&#8221; module_alignment=&#8221;center&#8221;][et_pb_column type=&#8221;1_2&#8243; _builder_version=&#8221;4.2.2&#8243;][et_pb_blurb title=&#8221;V\u00eda Corporativo&#8221; image=&#8221;https:\/\/www.btgamericas.com\/site\/wp-content\/uploads\/2020\/02\/via-corporativo.jpg&#8221; _builder_version=&#8221;4.2.2&#8243; header_level=&#8221;h2&#8243; header_font=&#8221;|||on|||||&#8221; header_text_align=&#8221;center&#8221; header_text_color=&#8221;#e02b20&#8243; body_text_align=&#8221;justify&#8221;]<\/p>\n<p>BTG particip\u00f3 desde el dise\u00f1o hasta su implementaci\u00f3n. La infraestructura de tecnolog\u00eda de \u00faltima generaci\u00f3n con que cuenta V\u00cdA Corporativo, contribuye a un espacio en armon\u00eda con su entorno y la ecolog\u00eda, el sistema de administraci\u00f3n, monitoreo y control de la energ\u00eda provee un uso racional de la misma, aportando a la vez condiciones de confort mejoradas para los ocupantes del inmueble, en consecuencia un menor uso de combustibles f\u00f3siles, esta contribuci\u00f3n fue parte de los elementos que permitieron a V\u00cdA Corporativo alcanzar la clasificaci\u00f3n ORO del sistema LEED.<\/p>\n<p>[\/et_pb_blurb][\/et_pb_column][et_pb_column type=&#8221;1_2&#8243; _builder_version=&#8221;4.2.2&#8243;][et_pb_blurb title=&#8221;CENTREX L`OREAL&#8221; image=&#8221;https:\/\/www.btgamericas.com\/site\/wp-content\/uploads\/2020\/02\/loreal.jpg&#8221; _builder_version=&#8221;4.2.2&#8243; header_level=&#8221;h2&#8243; header_font=&#8221;|||on|||||&#8221; header_text_align=&#8221;center&#8221; header_text_color=&#8221;#e02b20&#8243; body_text_align=&#8221;justify&#8221;]<\/p>\n<p>BTG desarroll\u00f3 el dise\u00f1o, fue proveedor de los equipos y sistemas y le brind\u00f3 el soporte a los contratistas el\u00e9ctrico y de aire acondicionado en su implementaci\u00f3n y puesta en operaci\u00f3n, para el sistema de administraci\u00f3n, monitoreo y control de la energ\u00eda, colaborando de esta manera para que CENTREX L\u2019OREAL alcanzara la clasificaci\u00f3n ORO del sistema LEED.<\/p>\n<p>[\/et_pb_blurb][\/et_pb_column][\/et_pb_row][\/et_pb_section]<\/p>\n","protected":false},"excerpt":{"rendered":"<p>BTG Am\u00e9ricas contribuye al impulso hacia un mundo sustentable en armon\u00eda con la naturaleza al proveer productos, sistemas y aplicaciones para el desarrollo de edificios \u201cVerdes\u201d. El dise\u00f1\u00f3 \u201cVerde\u201d, incluye un enfoque hol\u00edstico para entender el impacto total del edificio con el medio ambiente. El Consejo de la Construcci\u00f3n Ecol\u00f3gica de Estados Unidos (US Green [&hellip;]<\/p>\n","protected":false},"author":1,"featured_media":0,"parent":0,"menu_order":0,"comment_status":"closed","ping_status":"closed","template":"","meta":{"_et_pb_use_builder":"on","_et_pb_old_content":"","_et_gb_content_width":"","inline_featured_image":false},"_links":{"self":[{"href":"https:\/\/www.btgamericas.com\/en\/wp-json\/wp\/v2\/pages\/71"}],"collection":[{"href":"https:\/\/www.btgamericas.com\/en\/wp-json\/wp\/v2\/pages"}],"about":[{"href":"https:\/\/www.btgamericas.com\/en\/wp-json\/wp\/v2\/types\/page"}],"author":[{"embeddable":true,"href":"https:\/\/www.btgamericas.com\/en\/wp-json\/wp\/v2\/users\/1"}],"replies":[{"embeddable":true,"href":"https:\/\/www.btgamericas.com\/en\/wp-json\/wp\/v2\/comments?post=71"}],"version-history":[{"count":12,"href":"https:\/\/www.btgamericas.com\/en\/wp-json\/wp\/v2\/pages\/71\/revisions"}],"predecessor-version":[{"id":271,"href":"https:\/\/www.btgamericas.com\/en\/wp-json\/wp\/v2\/pages\/71\/revisions\/271"}],"wp:attachment":[{"href":"https:\/\/www.btgamericas.com\/en\/wp-json\/wp\/v2\/media?parent=71"}],"curies":[{"name":"wp","href":"https:\/\/api.w.org\/{rel}","templated":true}]}}