{"id":3,"date":"2020-01-31T20:44:24","date_gmt":"2020-01-31T20:44:24","guid":{"rendered":"https:\/\/www.btgamericas.com\/site\/?page_id=3"},"modified":"2020-10-01T02:33:31","modified_gmt":"2020-10-01T02:33:31","slug":"aviso-de-privacidad","status":"publish","type":"page","link":"https:\/\/www.btgamericas.com\/en\/aviso-de-privacidad\/","title":{"rendered":"Privacy Notice"},"content":{"rendered":"<p>[et_pb_section fb_built=&#8221;1&#8243; _builder_version=&#8221;4.6.5&#8243; custom_padding=&#8221;0px||0px|||&#8221; hover_enabled=&#8221;0&#8243; background_enable_color=&#8221;off&#8221; sticky_enabled=&#8221;0&#8243;][et_pb_row _builder_version=&#8221;4.2.2&#8243;][et_pb_column type=&#8221;4_4&#8243; _builder_version=&#8221;4.2.2&#8243;][et_pb_blurb title=&#8221;@ET-DC@eyJkeW5hbWljIjp0cnVlLCJjb250ZW50IjoicG9zdF90aXRsZSIsInNldHRpbmdzIjp7ImJlZm9yZSI6IiIsImFmdGVyIjoiIn19@&#8221; _builder_version=&#8221;4.6.5&#8243; _dynamic_attributes=&#8221;title&#8221; header_level=&#8221;h1&#8243; header_font=&#8221;|300|||||||&#8221; header_text_align=&#8221;center&#8221; header_text_color=&#8221;#63b345&#8243; header_font_size=&#8221;38px&#8221; hover_enabled=&#8221;0&#8243; sticky_enabled=&#8221;0&#8243;][\/et_pb_blurb][\/et_pb_column][\/et_pb_row][\/et_pb_section][et_pb_section fb_built=&#8221;1&#8243; _builder_version=&#8221;4.2.2&#8243; custom_padding=&#8221;0px||0px|||&#8221;][et_pb_row _builder_version=&#8221;4.2.2&#8243; max_width=&#8221;1440px&#8221; module_alignment=&#8221;center&#8221;][et_pb_column type=&#8221;4_4&#8243; _builder_version=&#8221;4.2.2&#8243;][et_pb_text _builder_version=&#8221;4.2.2&#8243; text_orientation=&#8221;justified&#8221;]<\/p>\n<p>De acuerdo a lo Previsto en la \u201cLey Federal de Protecci\u00f3n de Datos Personales\u201d, declara CLIMATEC DE M\u00c9XICO S DE RL DE CV (BTG), ser una empresa legalmente constituida de conformidad con las leyes mexicanas, con domicilio en Av. Ba\u00f1os de Agua Caliente 3244, 20 de Noviembre, C.P. 22100, en Tijuana, Baja California; y como responsable del tratamiento de sus datos personales, hace de su conocimiento que la informaci\u00f3n de nuestros clientes es tratada de forma estrictamente confidencial por lo que al proporcionar sus datos personales, tales como:<\/p>\n<ol>\n<li>Nombre Y\/O Raz\u00f3n Social.<\/li>\n<li>Direcci\u00f3n.<\/li>\n<li>Registro Federal de Contribuyentes.<\/li>\n<li>Tel\u00e9fonos de Oficina y m\u00f3viles<\/li>\n<li>Correo Electr\u00f3nico.<\/li>\n<\/ol>\n<p>\u00a0Estos ser\u00e1n utilizados \u00fanica y exclusivamente para los siguientes fines:<\/p>\n<ol>\n<li>Campa\u00f1as de Publicidad.<\/li>\n<li>Campa\u00f1as de Fidelidad.<\/li>\n<li>Informaci\u00f3n y Prestaci\u00f3n de Servicios.<\/li>\n<li>Actualizaci\u00f3n de la Base de Datos.<\/li>\n<li>Cualquier finalidad an\u00e1loga o compatible con las anteriores.<\/li>\n<\/ol>\n<p>Para prevenir el acceso no autorizado a sus datos personales y con el fin de\u00a0 asegurar que la informaci\u00f3n sea utilizada para los fines establecidos en este aviso de privacidad, hemos establecido diversos procedimientos con la finalidad de evitar el uso o divulgaci\u00f3n no autorizados de sus datos, permiti\u00e9ndonos tratarlos debidamente.\u00a0 As\u00ed mismo, le informamos que sus datos personales pueden ser Transmitidos para ser tratados por personas distintas a esta empresa.\u00a0\u00a0 Todos sus datos personales son tratados de acuerdo a la legislaci\u00f3n aplicable y vigente en el pa\u00eds, por ello le informamos que usted tiene en todo momento los derechos (ARCO) de acceder, rectificar, cancelar u oponerse al tratamiento que le damos a sus datos personales; derecho que podr\u00e1 hacer valer a trav\u00e9s del \u00c1rea de Privacidad encargada de la seguridad de datos personales en el correo privacidad@btgamericas.com donde se le atender\u00e1 en tiempo y forma.<\/p>\n<p>Su petici\u00f3n deber\u00e1 ser realizada a trav\u00e9s del Formulario \u00danico para Ejercicio de Derechos ARCO, Revocaci\u00f3n del Consentimiento y\/o Limitaci\u00f3n del Uso o Divulgaci\u00f3n de Datos Personales (en lo sucesivo el \u201cFormulario\u201d) puede solicitarse a trav\u00e9s del correo electr\u00f3nico privacidad@btgamericas.com y contiene todos los elementos para poder atender su solicitud conforme a la normatividad. Para que el Departamento de Datos Personales de BTG pueda darle seguimiento a su solicitud, usted o su representante legal, deber\u00e1 acreditar correctamente su identidad para lo que es necesario que complete todos los campos indicados en el Formulario y lo acompa\u00f1e con copia de alguna de las identificaciones oficiales vigentes que se se\u00f1alan en el mismo.<\/p>\n<p>BTG se reserva el derecho, bajo su exclusiva discreci\u00f3n, de cambiar, modificar, agregar o eliminar partes del presente Aviso de Privacidad en cualquier momento. En tal caso, BTG publicar\u00e1 dichas modificaciones en el sitio web www.btgamericas.com e indicar\u00e1 la fecha de \u00faltima versi\u00f3n del aviso. Le recomendamos visitar peri\u00f3dicamente esta p\u00e1gina con la finalidad de informarse si ocurre alg\u00fan cambio al presente.\u00a0\u00a0\u00a0\u00a0\u00a0\u00a0\u00a0<\/p>\n<p>Para cualquier duda en materia de privacidad de datos que le competa al Departamento de Datos Personales de BTG, por favor env\u00ede un correo electr\u00f3nico a privacidad@btgamericas.com y con gusto ser\u00e1 atendida.<\/p>\n<p><em>\u00daltima Fecha de Emisi\u00f3n: 2 de Febrero de 2016<\/em><\/p>\n<p>[\/et_pb_text][\/et_pb_column][\/et_pb_row][\/et_pb_section]<\/p>\n","protected":false},"excerpt":{"rendered":"<p>De acuerdo a lo Previsto en la \u201cLey Federal de Protecci\u00f3n de Datos Personales\u201d, declara CLIMATEC DE M\u00c9XICO S DE RL DE CV (BTG), ser una empresa legalmente constituida de conformidad con las leyes mexicanas, con domicilio en Av. Ba\u00f1os de Agua Caliente 3244, 20 de Noviembre, C.P. 22100, en Tijuana, Baja California; y como [&hellip;]<\/p>\n","protected":false},"author":1,"featured_media":0,"parent":0,"menu_order":0,"comment_status":"closed","ping_status":"closed","template":"","meta":{"_et_pb_use_builder":"on","_et_pb_old_content":"","_et_gb_content_width":"","inline_featured_image":false},"_links":{"self":[{"href":"https:\/\/www.btgamericas.com\/en\/wp-json\/wp\/v2\/pages\/3"}],"collection":[{"href":"https:\/\/www.btgamericas.com\/en\/wp-json\/wp\/v2\/pages"}],"about":[{"href":"https:\/\/www.btgamericas.com\/en\/wp-json\/wp\/v2\/types\/page"}],"author":[{"embeddable":true,"href":"https:\/\/www.btgamericas.com\/en\/wp-json\/wp\/v2\/users\/1"}],"replies":[{"embeddable":true,"href":"https:\/\/www.btgamericas.com\/en\/wp-json\/wp\/v2\/comments?post=3"}],"version-history":[{"count":4,"href":"https:\/\/www.btgamericas.com\/en\/wp-json\/wp\/v2\/pages\/3\/revisions"}],"predecessor-version":[{"id":272,"href":"https:\/\/www.btgamericas.com\/en\/wp-json\/wp\/v2\/pages\/3\/revisions\/272"}],"wp:attachment":[{"href":"https:\/\/www.btgamericas.com\/en\/wp-json\/wp\/v2\/media?parent=3"}],"curies":[{"name":"wp","href":"https:\/\/api.w.org\/{rel}","templated":true}]}}