{"id":273,"date":"2020-10-01T02:34:29","date_gmt":"2020-10-01T10:34:29","guid":{"rendered":"https:\/\/www.btgamericas.com\/site\/?page_id=273"},"modified":"2021-07-29T09:19:36","modified_gmt":"2021-07-29T17:19:36","slug":"sistema-de-gestion","status":"publish","type":"page","link":"https:\/\/www.btgamericas.com\/en\/sistema-de-gestion\/","title":{"rendered":"C- Solutions"},"content":{"rendered":"<p>[et_pb_section fb_built=&#8221;1&#8243; prev_background_color=&#8221;#ffffff&#8221; next_background_color=&#8221;#ffffff&#8221; _builder_version=&#8221;4.6.5&#8243; _module_preset=&#8221;default&#8221; background_color=&#8221;rgba(0,0,0,0.65)&#8221; use_background_color_gradient=&#8221;on&#8221; background_color_gradient_start=&#8221;#4a7c2f&#8221; background_color_gradient_end=&#8221;#63b345&#8243; background_enable_image=&#8221;off&#8221; background_blend=&#8221;overlay&#8221; custom_padding=&#8221;0px||0px|||&#8221; top_divider_style=&#8221;slant&#8221; top_divider_flip=&#8221;vertical&#8221; bottom_divider_style=&#8221;slant&#8221;][et_pb_row column_structure=&#8221;1_2,1_2&#8243; module_class=&#8221;centeredcolumns&#8221; _builder_version=&#8221;4.6.5&#8243; _module_preset=&#8221;default&#8221; width=&#8221;94%&#8221; max_width=&#8221;1440px&#8221; module_alignment=&#8221;center&#8221; custom_padding=&#8221;||0px|||&#8221;][et_pb_column type=&#8221;1_2&#8243; _builder_version=&#8221;4.6.5&#8243; _module_preset=&#8221;default&#8221;][et_pb_image src=&#8221;https:\/\/www.btgamericas.com\/site\/wp-content\/uploads\/2020\/10\/gestion-de-la-energia.png&#8221; title_text=&#8221;gestion de la energia&#8221; align=&#8221;center&#8221; _builder_version=&#8221;4.6.5&#8243; _module_preset=&#8221;default&#8221; width=&#8221;58%&#8221; width_tablet=&#8221;&#8221; width_phone=&#8221;100%&#8221; width_last_edited=&#8221;on|desktop&#8221; max_width=&#8221;100%&#8221; module_alignment=&#8221;center&#8221; animation_style=&#8221;zoom&#8221; border_radii=&#8221;on|20px|20px|20px|20px&#8221;][\/et_pb_image][\/et_pb_column][et_pb_column type=&#8221;1_2&#8243; _builder_version=&#8221;4.6.5&#8243; _module_preset=&#8221;default&#8221;][et_pb_blurb title=&#8221;@ET-DC@eyJkeW5hbWljIjp0cnVlLCJjb250ZW50IjoicG9zdF90aXRsZSIsInNldHRpbmdzIjp7ImJlZm9yZSI6IiIsImFmdGVyIjoiIn19@&#8221; _builder_version=&#8221;4.9.7&#8243; _dynamic_attributes=&#8221;title&#8221; _module_preset=&#8221;default&#8221; header_level=&#8221;h3&#8243; header_text_align=&#8221;center&#8221; header_text_color=&#8221;#ffffff&#8221; header_font_size=&#8221;44px&#8221; body_text_align=&#8221;center&#8221; body_text_color=&#8221;#ffffff&#8221; body_font_size=&#8221;20px&#8221; background_layout=&#8221;dark&#8221; custom_padding_tablet=&#8221;&#8221; custom_padding_phone=&#8221;||115px||false|false&#8221; custom_padding_last_edited=&#8221;on|desktop&#8221;]<\/p>\n<div class=\"page\" title=\"Page 2\">\n<div class=\"section\">\n<div class=\"layoutArea\">\n<div class=\"column\">\n<h2><span style=\"font-size: x-large;\">Eficiencia Energ\u00e9tica<\/span><\/h2>\n<p><span style=\"font-size: x-large;\">Sistema de Gesti\u00f3n y Control de la energ\u00eda.<\/span><\/p>\n<\/div>\n<\/div>\n<\/div>\n<\/div>\n<p>[\/et_pb_blurb][\/et_pb_column][\/et_pb_row][\/et_pb_section][et_pb_section fb_built=&#8221;1&#8243; _builder_version=&#8221;4.6.5&#8243; _module_preset=&#8221;default&#8221; custom_padding=&#8221;0px||0px|||&#8221;][et_pb_row _builder_version=&#8221;4.6.5&#8243; _module_preset=&#8221;default&#8221; custom_padding=&#8221;||3px|||&#8221;][et_pb_column type=&#8221;4_4&#8243; _builder_version=&#8221;4.6.5&#8243; _module_preset=&#8221;default&#8221;][et_pb_text _builder_version=&#8221;4.6.5&#8243; _module_preset=&#8221;default&#8221; text_font=&#8221;|300|||||||&#8221; header_3_font=&#8221;|300|||||||&#8221; header_3_text_align=&#8221;center&#8221; header_3_text_color=&#8221;#235ba8&#8243; header_3_font_size=&#8221;30px&#8221;]<\/p>\n<h3><strong>Modelo de Negocio<\/strong><\/h3>\n<p>[\/et_pb_text][\/et_pb_column][\/et_pb_row][et_pb_row column_structure=&#8221;1_4,1_4,1_4,1_4&#8243; use_custom_gutter=&#8221;on&#8221; gutter_width=&#8221;2&#8243; _builder_version=&#8221;4.6.5&#8243; _module_preset=&#8221;default&#8221; width=&#8221;99%&#8221; max_width=&#8221;1440px&#8221; module_alignment=&#8221;center&#8221; custom_margin=&#8221;|-138px||auto||&#8221; custom_padding=&#8221;|0px||||&#8221;][et_pb_column type=&#8221;1_4&#8243; _builder_version=&#8221;4.6.5&#8243; _module_preset=&#8221;default&#8221;][et_pb_blurb title=&#8221;Reducci\u00f3n de costos de operaci\u00f3n&#8221; image=&#8221;https:\/\/www.btgamericas.com\/site\/wp-content\/uploads\/2020\/10\/costos-de-operacion.svg&#8221; image_max_width=&#8221;34%&#8221; _builder_version=&#8221;4.6.5&#8243; _module_preset=&#8221;default&#8221; header_level=&#8221;h3&#8243; header_font=&#8221;|600||on|||||&#8221; header_text_align=&#8221;center&#8221; header_text_color=&#8221;#63b345&#8243; header_line_height=&#8221;1.6em&#8221; module_alignment=&#8221;center&#8221; custom_margin=&#8221;||10px|||&#8221; custom_padding=&#8221;10px||10px||true|false&#8221;]<\/p>\n<ul>\n<li style=\"text-align: justify;\">Reducci\u00f3n de Consumo de la Energ\u00eda El\u00e9ctrica<\/li>\n<li style=\"text-align: justify;\">Mejora de Operaciones que Reducen Costos<\/li>\n<li style=\"text-align: justify;\">Aplicaciones Probadas en M\u00e9xico<\/li>\n<li style=\"text-align: justify;\">Resultados por Encima de Est\u00e1ndares en la Industria<\/li>\n<\/ul>\n<p>[\/et_pb_blurb][\/et_pb_column][et_pb_column type=&#8221;1_4&#8243; _builder_version=&#8221;4.6.5&#8243; _module_preset=&#8221;default&#8221;][et_pb_blurb title=&#8221; Optimizaci\u00f3n Mantenimiento&#8221; image=&#8221;https:\/\/www.btgamericas.com\/site\/wp-content\/uploads\/2020\/10\/maintenance.svg&#8221; image_max_width=&#8221;34%&#8221; _builder_version=&#8221;4.6.5&#8243; _module_preset=&#8221;default&#8221; header_level=&#8221;h3&#8243; header_font=&#8221;|600||on|||||&#8221; header_text_align=&#8221;center&#8221; header_text_color=&#8221;#63b345&#8243; header_line_height=&#8221;1.6em&#8221; module_alignment=&#8221;center&#8221; custom_margin=&#8221;||10px|||&#8221; custom_padding=&#8221;10px||10px||true|false&#8221;]<\/p>\n<p style=\"text-align: justify;\">\n<p style=\"text-align: justify;\">\n<ul>\n<li style=\"text-align: justify;\">Mantenimiento Preventorio<\/li>\n<li style=\"text-align: justify;\">Reducci\u00f3n de Costos de Mantenimiento<\/li>\n<li style=\"text-align: justify;\">Vida Extendida de Equipos<\/li>\n<li style=\"text-align: justify;\">Reducci\u00f3n de Costo Total de Propiedad<\/li>\n<\/ul>\n<p>[\/et_pb_blurb][\/et_pb_column][et_pb_column type=&#8221;1_4&#8243; _builder_version=&#8221;4.6.5&#8243; _module_preset=&#8221;default&#8221;][et_pb_blurb title=&#8221; Reducci\u00f3n Tiempos de Respuesta&#8221; image=&#8221;https:\/\/www.btgamericas.com\/site\/wp-content\/uploads\/2020\/10\/stopwatch.svg&#8221; image_max_width=&#8221;34%&#8221; _builder_version=&#8221;4.6.5&#8243; _module_preset=&#8221;default&#8221; header_level=&#8221;h3&#8243; header_font=&#8221;|600||on|||||&#8221; header_text_align=&#8221;center&#8221; header_text_color=&#8221;#63b345&#8243; header_line_height=&#8221;1.6em&#8221; module_alignment=&#8221;center&#8221; custom_margin=&#8221;||10px|||&#8221; custom_padding=&#8221;10px||10px||true|false&#8221;]<\/p>\n<ul>\n<li style=\"text-align: justify;\">Reporte Autom\u00e1tico<\/li>\n<li style=\"text-align: justify;\">Alertas Inteligentes<\/li>\n<li style=\"text-align: justify;\">Gesti\u00f3n de Operaciones<\/li>\n<li style=\"text-align: justify;\">Reducci\u00f3n de Costos de Operaciones<\/li>\n<\/ul>\n<p>[\/et_pb_blurb][\/et_pb_column][et_pb_column type=&#8221;1_4&#8243; _builder_version=&#8221;4.6.5&#8243; _module_preset=&#8221;default&#8221;][et_pb_blurb title=&#8221; Incremento Automatizaci\u00f3n&#8221; image=&#8221;https:\/\/www.btgamericas.com\/site\/wp-content\/uploads\/2020\/10\/artificial-intelligence.svg&#8221; image_max_width=&#8221;34%&#8221; _builder_version=&#8221;4.6.5&#8243; _module_preset=&#8221;default&#8221; header_level=&#8221;h3&#8243; header_font=&#8221;|600||on|||||&#8221; header_text_align=&#8221;center&#8221; header_text_color=&#8221;#63b345&#8243; header_line_height=&#8221;1.6em&#8221; module_alignment=&#8221;center&#8221; custom_margin=&#8221;||10px|||&#8221; custom_padding=&#8221;10px||10px||true|false&#8221;]<\/p>\n<p>&nbsp;<\/p>\n<ul>\n<li style=\"text-align: justify;\">Automatizaci\u00f3n de Procesos<\/li>\n<li style=\"text-align: justify;\">Automatizaci\u00f3n de Operaciones<\/li>\n<li style=\"text-align: justify;\">Mejora Continua<\/li>\n<\/ul>\n<p>[\/et_pb_blurb][\/et_pb_column][\/et_pb_row][et_pb_row column_structure=&#8221;1_4,1_4,1_4,1_4&#8243; use_custom_gutter=&#8221;on&#8221; gutter_width=&#8221;2&#8243; _builder_version=&#8221;4.6.5&#8243; _module_preset=&#8221;default&#8221; width=&#8221;94%&#8221; max_width=&#8221;1440px&#8221; module_alignment=&#8221;center&#8221; custom_margin=&#8221;-54px|auto||auto||&#8221; custom_padding=&#8221;77px|||||&#8221;][et_pb_column type=&#8221;1_4&#8243; _builder_version=&#8221;4.6.5&#8243; _module_preset=&#8221;default&#8221;][et_pb_blurb title=&#8221;Capacidades Corporativas&#8221; image=&#8221;https:\/\/www.btgamericas.com\/site\/wp-content\/uploads\/2020\/10\/building.svg&#8221; image_max_width=&#8221;34%&#8221; _builder_version=&#8221;4.6.5&#8243; _module_preset=&#8221;default&#8221; header_level=&#8221;h3&#8243; header_font=&#8221;|600||on|||||&#8221; header_text_align=&#8221;center&#8221; header_text_color=&#8221;#63b345&#8243; header_line_height=&#8221;1.6em&#8221; module_alignment=&#8221;center&#8221; custom_margin=&#8221;||10px|||&#8221; custom_padding=&#8221;10px||10px|0px|true|false&#8221;]<\/p>\n<ul>\n<li style=\"text-align: justify;\">Infraestructura Existente<\/li>\n<li style=\"text-align: justify;\">Gesti\u00f3n Extendida sin Recursos Adicionales.<\/li>\n<li style=\"text-align: justify;\">Informaci\u00f3n para Prop\u00f3sitos Financieros.<\/li>\n<li style=\"text-align: justify;\">Delineaci\u00f3n de Procesos<\/li>\n<\/ul>\n<p>[\/et_pb_blurb][\/et_pb_column][et_pb_column type=&#8221;1_4&#8243; _builder_version=&#8221;4.6.5&#8243; _module_preset=&#8221;default&#8221;][et_pb_blurb title=&#8221; Responsabilidad Social&#8221; image=&#8221;https:\/\/www.btgamericas.com\/site\/wp-content\/uploads\/2020\/10\/idea.svg&#8221; image_max_width=&#8221;34%&#8221; _builder_version=&#8221;4.6.5&#8243; _module_preset=&#8221;default&#8221; header_level=&#8221;h3&#8243; header_font=&#8221;|600||on|||||&#8221; header_text_align=&#8221;center&#8221; header_text_color=&#8221;#63b345&#8243; header_line_height=&#8221;1.6em&#8221; module_alignment=&#8221;center&#8221; custom_margin=&#8221;||10px|||&#8221; custom_padding=&#8221;10px||10px||true|false&#8221;]<\/p>\n<ul>\n<li style=\"text-align: justify;\">Visibilidad ante la Comunidad<\/li>\n<li style=\"text-align: justify;\">Marco de Referencia<\/li>\n<\/ul>\n<p>[\/et_pb_blurb][\/et_pb_column][et_pb_column type=&#8221;1_4&#8243; _builder_version=&#8221;4.6.5&#8243; _module_preset=&#8221;default&#8221;][et_pb_blurb title=&#8221;Visibilidad Centralizada&#8221; image=&#8221;https:\/\/www.btgamericas.com\/site\/wp-content\/uploads\/2020\/10\/rendering.svg&#8221; image_max_width=&#8221;34%&#8221; _builder_version=&#8221;4.6.5&#8243; _module_preset=&#8221;default&#8221; header_level=&#8221;h3&#8243; header_font=&#8221;|600||on|||||&#8221; header_text_align=&#8221;center&#8221; header_text_color=&#8221;#63b345&#8243; header_line_height=&#8221;1.6em&#8221; module_alignment=&#8221;center&#8221; custom_margin=&#8221;||10px|||&#8221; custom_padding=&#8221;10px||10px||true|false&#8221;]<\/p>\n<ul>\n<li style=\"text-align: justify;\">Administraci\u00f3n de Informaci\u00f3n<\/li>\n<li style=\"text-align: justify;\">An\u00e1lisis Energ\u00e9ticos<\/li>\n<li style=\"text-align: justify;\">An\u00e1lisis de Costos<\/li>\n<li style=\"text-align: justify;\">Presupuestos<\/li>\n<li style=\"text-align: justify;\">Comparativos de Localidades<\/li>\n<\/ul>\n<p>[\/et_pb_blurb][\/et_pb_column][et_pb_column type=&#8221;1_4&#8243; _builder_version=&#8221;4.6.5&#8243; _module_preset=&#8221;default&#8221;][\/et_pb_column][\/et_pb_row][\/et_pb_section][et_pb_section fb_built=&#8221;1&#8243; prev_background_color=&#8221;#ffffff&#8221; next_background_color=&#8221;#ffffff&#8221; _builder_version=&#8221;4.6.5&#8243; _module_preset=&#8221;default&#8221; background_color=&#8221;rgba(0,0,0,0.65)&#8221; use_background_color_gradient=&#8221;on&#8221; background_color_gradient_start=&#8221;#4a7c2f&#8221; background_color_gradient_end=&#8221;#63b345&#8243; background_enable_image=&#8221;off&#8221; background_blend=&#8221;overlay&#8221; custom_padding=&#8221;0px||0px|||&#8221; top_divider_style=&#8221;slant&#8221; top_divider_flip=&#8221;vertical&#8221; bottom_divider_style=&#8221;slant&#8221;][et_pb_row column_structure=&#8221;1_2,1_2&#8243; module_class=&#8221;centeredcolumns&#8221; _builder_version=&#8221;4.6.5&#8243; _module_preset=&#8221;default&#8221; width=&#8221;94%&#8221; max_width=&#8221;1440px&#8221; module_alignment=&#8221;center&#8221; custom_padding=&#8221;||0px|||&#8221;][et_pb_column type=&#8221;1_2&#8243; _builder_version=&#8221;4.6.5&#8243; _module_preset=&#8221;default&#8221;][et_pb_image src=&#8221;https:\/\/www.btgamericas.com\/site\/wp-content\/uploads\/2020\/10\/csolution2.jpg&#8221; title_text=&#8221;csolution2&#8243; align=&#8221;center&#8221; _builder_version=&#8221;4.6.5&#8243; _module_preset=&#8221;default&#8221; width=&#8221;58%&#8221; width_tablet=&#8221;&#8221; width_phone=&#8221;100%&#8221; width_last_edited=&#8221;on|desktop&#8221; max_width=&#8221;100%&#8221; module_alignment=&#8221;center&#8221; animation_style=&#8221;zoom&#8221; border_radii=&#8221;on|20px|20px|20px|20px&#8221;][\/et_pb_image][\/et_pb_column][et_pb_column type=&#8221;1_2&#8243; _builder_version=&#8221;4.6.5&#8243; _module_preset=&#8221;default&#8221;][et_pb_blurb title=&#8221;Aplicaciones&#8221; _builder_version=&#8221;4.6.5&#8243; _module_preset=&#8221;default&#8221; header_level=&#8221;h3&#8243; header_text_align=&#8221;center&#8221; header_text_color=&#8221;#ffffff&#8221; header_font_size=&#8221;44px&#8221; body_text_align=&#8221;center&#8221; body_text_color=&#8221;#ffffff&#8221; body_font_size=&#8221;20px&#8221; background_layout=&#8221;dark&#8221; custom_padding_tablet=&#8221;&#8221; custom_padding_phone=&#8221;||115px||false|false&#8221; custom_padding_last_edited=&#8221;on|desktop&#8221;]<\/p>\n<p>Una soluci\u00f3n adaptable a cualquier necesidad, para la gesti\u00f3n y el control de la energ\u00eda, con una mejor experiencia para los usuarios, operadores y propietarios.<\/p>\n<p>[\/et_pb_blurb][\/et_pb_column][\/et_pb_row][\/et_pb_section][et_pb_section fb_built=&#8221;1&#8243; _builder_version=&#8221;4.6.5&#8243; _module_preset=&#8221;default&#8221; custom_padding=&#8221;0px||0px|||&#8221;][et_pb_row column_structure=&#8221;1_2,1_2&#8243; use_custom_gutter=&#8221;on&#8221; gutter_width=&#8221;2&#8243; _builder_version=&#8221;4.6.5&#8243; _module_preset=&#8221;default&#8221; width=&#8221;94%&#8221; max_width=&#8221;1440px&#8221; module_alignment=&#8221;center&#8221;][et_pb_column type=&#8221;1_2&#8243; _builder_version=&#8221;4.6.5&#8243; _module_preset=&#8221;default&#8221;][et_pb_blurb title=&#8221;Tiendas de Conveniencia&#8221; image=&#8221;https:\/\/www.btgamericas.com\/site\/wp-content\/uploads\/2020\/01\/favicon.png&#8221; icon_placement=&#8221;left&#8221; _builder_version=&#8221;4.6.5&#8243; _module_preset=&#8221;default&#8221; header_font=&#8221;||||||||&#8221; header_text_align=&#8221;left&#8221; header_line_height=&#8221;1.6em&#8221; custom_margin=&#8221;||10px|||&#8221;][\/et_pb_blurb][et_pb_blurb title=&#8221;Bodegas de Mayoreo&#8221; image=&#8221;https:\/\/www.btgamericas.com\/site\/wp-content\/uploads\/2020\/01\/favicon.png&#8221; icon_placement=&#8221;left&#8221; _builder_version=&#8221;4.6.5&#8243; _module_preset=&#8221;default&#8221; header_font=&#8221;||||||||&#8221; header_text_align=&#8221;left&#8221; header_line_height=&#8221;1.6em&#8221; custom_margin=&#8221;||10px|||&#8221;][\/et_pb_blurb][et_pb_blurb title=&#8221;Tiendas de Autoservicio&#8221; image=&#8221;https:\/\/www.btgamericas.com\/site\/wp-content\/uploads\/2020\/01\/favicon.png&#8221; icon_placement=&#8221;left&#8221; _builder_version=&#8221;4.6.5&#8243; _module_preset=&#8221;default&#8221; header_font=&#8221;||||||||&#8221; header_text_align=&#8221;left&#8221; header_line_height=&#8221;1.6em&#8221; custom_margin=&#8221;||10px|||&#8221;][\/et_pb_blurb][et_pb_blurb title=&#8221;Tiendas Departamentales&#8221; image=&#8221;https:\/\/www.btgamericas.com\/site\/wp-content\/uploads\/2020\/01\/favicon.png&#8221; icon_placement=&#8221;left&#8221; _builder_version=&#8221;4.6.5&#8243; _module_preset=&#8221;default&#8221; header_font=&#8221;||||||||&#8221; header_text_align=&#8221;left&#8221; header_line_height=&#8221;1.6em&#8221; custom_margin=&#8221;||10px|||&#8221;][\/et_pb_blurb][et_pb_blurb title=&#8221;Cafeter\u00edas&#8221; image=&#8221;https:\/\/www.btgamericas.com\/site\/wp-content\/uploads\/2020\/01\/favicon.png&#8221; icon_placement=&#8221;left&#8221; _builder_version=&#8221;4.6.5&#8243; _module_preset=&#8221;default&#8221; header_font=&#8221;||||||||&#8221; header_text_align=&#8221;left&#8221; header_line_height=&#8221;1.6em&#8221; custom_margin=&#8221;||10px|||&#8221;][\/et_pb_blurb][\/et_pb_column][et_pb_column type=&#8221;1_2&#8243; _builder_version=&#8221;4.6.5&#8243; _module_preset=&#8221;default&#8221;][et_pb_blurb title=&#8221;Hospitales&#8221; image=&#8221;https:\/\/www.btgamericas.com\/site\/wp-content\/uploads\/2020\/01\/favicon.png&#8221; icon_placement=&#8221;left&#8221; _builder_version=&#8221;4.6.5&#8243; _module_preset=&#8221;default&#8221; header_font=&#8221;||||||||&#8221; header_text_align=&#8221;left&#8221; header_line_height=&#8221;1.6em&#8221; custom_margin=&#8221;||10px|||&#8221;][\/et_pb_blurb][et_pb_blurb title=&#8221;Lugares de Oraci\u00f3n&#8221; image=&#8221;https:\/\/www.btgamericas.com\/site\/wp-content\/uploads\/2020\/01\/favicon.png&#8221; icon_placement=&#8221;left&#8221; _builder_version=&#8221;4.6.5&#8243; _module_preset=&#8221;default&#8221; header_font=&#8221;||||||||&#8221; header_text_align=&#8221;left&#8221; header_line_height=&#8221;1.6em&#8221; custom_margin=&#8221;||10px|||&#8221;][\/et_pb_blurb][et_pb_blurb title=&#8221;Restaurantes&#8221; image=&#8221;https:\/\/www.btgamericas.com\/site\/wp-content\/uploads\/2020\/01\/favicon.png&#8221; icon_placement=&#8221;left&#8221; _builder_version=&#8221;4.6.5&#8243; _module_preset=&#8221;default&#8221; header_font=&#8221;||||||||&#8221; header_text_align=&#8221;left&#8221; header_line_height=&#8221;1.6em&#8221; custom_margin=&#8221;||10px|||&#8221;][\/et_pb_blurb][et_pb_blurb title=&#8221;Centros de Distribuci\u00f3n&#8221; image=&#8221;https:\/\/www.btgamericas.com\/site\/wp-content\/uploads\/2020\/01\/favicon.png&#8221; icon_placement=&#8221;left&#8221; _builder_version=&#8221;4.6.5&#8243; _module_preset=&#8221;default&#8221; header_font=&#8221;||||||||&#8221; header_text_align=&#8221;left&#8221; header_line_height=&#8221;1.6em&#8221; custom_margin=&#8221;||10px|||&#8221;][\/et_pb_blurb][et_pb_blurb title=&#8221;Almacenaje y Proceso de Perecederos&#8221; image=&#8221;https:\/\/www.btgamericas.com\/site\/wp-content\/uploads\/2020\/01\/favicon.png&#8221; icon_placement=&#8221;left&#8221; _builder_version=&#8221;4.6.5&#8243; _module_preset=&#8221;default&#8221; header_font=&#8221;||||||||&#8221; header_text_align=&#8221;left&#8221; header_line_height=&#8221;1.6em&#8221; custom_margin=&#8221;||10px|||&#8221;][\/et_pb_blurb][\/et_pb_column][\/et_pb_row][\/et_pb_section]<\/p>\n","protected":false},"excerpt":{"rendered":"<p>Eficiencia Energ\u00e9tica Sistema de Gesti\u00f3n y Control de la energ\u00eda. Modelo de Negocio Reducci\u00f3n de Consumo de la Energ\u00eda El\u00e9ctrica Mejora de Operaciones que Reducen Costos Aplicaciones Probadas en M\u00e9xico Resultados por Encima de Est\u00e1ndares en la Industria Mantenimiento Preventorio Reducci\u00f3n de Costos de Mantenimiento Vida Extendida de Equipos Reducci\u00f3n de Costo Total de Propiedad [&hellip;]<\/p>\n","protected":false},"author":1,"featured_media":0,"parent":0,"menu_order":0,"comment_status":"closed","ping_status":"closed","template":"","meta":{"_et_pb_use_builder":"on","_et_pb_old_content":"","_et_gb_content_width":"","inline_featured_image":false},"_links":{"self":[{"href":"https:\/\/www.btgamericas.com\/en\/wp-json\/wp\/v2\/pages\/273"}],"collection":[{"href":"https:\/\/www.btgamericas.com\/en\/wp-json\/wp\/v2\/pages"}],"about":[{"href":"https:\/\/www.btgamericas.com\/en\/wp-json\/wp\/v2\/types\/page"}],"author":[{"embeddable":true,"href":"https:\/\/www.btgamericas.com\/en\/wp-json\/wp\/v2\/users\/1"}],"replies":[{"embeddable":true,"href":"https:\/\/www.btgamericas.com\/en\/wp-json\/wp\/v2\/comments?post=273"}],"version-history":[{"count":14,"href":"https:\/\/www.btgamericas.com\/en\/wp-json\/wp\/v2\/pages\/273\/revisions"}],"predecessor-version":[{"id":569,"href":"https:\/\/www.btgamericas.com\/en\/wp-json\/wp\/v2\/pages\/273\/revisions\/569"}],"wp:attachment":[{"href":"https:\/\/www.btgamericas.com\/en\/wp-json\/wp\/v2\/media?parent=273"}],"curies":[{"name":"wp","href":"https:\/\/api.w.org\/{rel}","templated":true}]}}