{"id":2,"date":"2020-01-31T20:44:24","date_gmt":"2020-01-31T20:44:24","guid":{"rendered":"https:\/\/www.btgamericas.com\/site\/?page_id=2"},"modified":"2024-12-17T16:01:52","modified_gmt":"2024-12-18T00:01:52","slug":"inicio","status":"publish","type":"page","link":"https:\/\/www.btgamericas.com\/en\/","title":{"rendered":"Home"},"content":{"rendered":"<p>[et_pb_section fb_built=&#8221;1&#8243; _builder_version=&#8221;4.16&#8243; top_divider_height=&#8221;35px&#8221; bottom_divider_height=&#8221;35px&#8221; global_colors_info=&#8221;{}&#8221;][et_pb_row _builder_version=&#8221;4.16&#8243; _module_preset=&#8221;default&#8221; width=&#8221;88%&#8221; custom_margin=&#8221;|auto|13px|auto||&#8221; custom_padding=&#8221;|||0px||&#8221; global_colors_info=&#8221;{}&#8221;][et_pb_column type=&#8221;4_4&#8243; _builder_version=&#8221;4.16&#8243; _module_preset=&#8221;default&#8221; global_colors_info=&#8221;{}&#8221;][et_pb_image src=&#8221;https:\/\/www.btgamericas.com\/site\/wp-content\/uploads\/2020\/09\/btg-verde.jpg&#8221; title_text=&#8221;btg verde&#8221; src_tablet=&#8221;&#8221; src_phone=&#8221;&#8221; src_last_edited=&#8221;on|desktop&#8221; _builder_version=&#8221;4.27.4&#8243; _module_preset=&#8221;default&#8221; width=&#8221;100%&#8221; min_height=&#8221;405px&#8221; custom_margin=&#8221;-47px||-11px|||&#8221; global_colors_info=&#8221;{}&#8221;][\/et_pb_image][\/et_pb_column][\/et_pb_row][\/et_pb_section][et_pb_section fb_built=&#8221;1&#8243; prev_background_color=&#8221;#ffffff&#8221; next_background_color=&#8221;#ffffff&#8221; _builder_version=&#8221;4.16&#8243; _module_preset=&#8221;default&#8221; background_image=&#8221;https:\/\/www.btgamericas.com\/site\/wp-content\/uploads\/2020\/11\/background.jpg&#8221; custom_padding=&#8221;0px||0px|||&#8221; top_divider_style=&#8221;slant2&#8243; top_divider_height=&#8221;260px&#8221; top_divider_flip=&#8221;vertical&#8221; bottom_divider_style=&#8221;slant2&#8243; bottom_divider_height=&#8221;260px&#8221; global_colors_info=&#8221;{}&#8221;][et_pb_row _builder_version=&#8221;4.16&#8243; _module_preset=&#8221;default&#8221; width=&#8221;96%&#8221; max_width=&#8221;1440px&#8221; custom_padding=&#8221;0px||0px|||&#8221; global_colors_info=&#8221;{}&#8221;][et_pb_column type=&#8221;4_4&#8243; _builder_version=&#8221;4.16&#8243; _module_preset=&#8221;default&#8221; global_colors_info=&#8221;{}&#8221;][et_pb_slider _builder_version=&#8221;4.16&#8243; _module_preset=&#8221;default&#8221; custom_margin=&#8221;22px|-46px||-40px||&#8221; custom_padding=&#8221;227px||194px|80px||&#8221; auto=&#8221;on&#8221; auto_speed=&#8221;5000&#8243; custom_css_slide_image=&#8221;width:40%;&#8221; box_shadow_style_image=&#8221;preset1&#8243; global_colors_info=&#8221;{}&#8221; custom_css_slide_image_last_edited=&#8221;on|desktop&#8221; custom_css_slide_image_phone=&#8221;width:50%;&#8221; custom_css_slide_image_tablet=&#8221;width:40%;&#8221;][et_pb_slide heading=&#8221;PEPSICO Baking Innovation |Monterrey, N.L.&#8221; button_text=&#8221;Ver detalles&#8221; button_link=&#8221;https:\/\/www.btgamericas.com\/project\/pepsico-baking-innovation-monterrey-n-l\/&#8221; image=&#8221;https:\/\/www.btgamericas.com\/site\/wp-content\/uploads\/2020\/11\/pepsico.jpg&#8221; _builder_version=&#8221;4.16&#8243; _module_preset=&#8221;default&#8221; body_text_align=&#8221;left&#8221; background_color=&#8221;rgba(0,0,0,0)&#8221; background_enable_color=&#8221;on&#8221; border_radii_image=&#8221;on|50px|50px|50px|50px&#8221; global_colors_info=&#8221;{}&#8221; sticky_transition=&#8221;on&#8221;]<\/p>\n<ul>\n<li>Sistema de automatizaci\u00f3n de Aire Acondicionado<\/li>\n<li>Sistema de automatizaci\u00f3n de Iluminaci\u00f3n.<\/li>\n<li>Sistemas de medici\u00f3n de consumo de energ\u00eda el\u00e9ctrica.<\/li>\n<li>Gesti\u00f3n de edificio (BMS).<\/li>\n<\/ul>\n<p>[\/et_pb_slide][et_pb_slide heading=&#8221;Harman Audio|Tijuana, B.C.&#8221; button_text=&#8221;Ver detalles&#8221; button_link=&#8221;https:\/\/www.btgamericas.com\/project\/harman-audioimss-pachuca-hidalgo\/&#8221; image=&#8221;https:\/\/www.btgamericas.com\/site\/wp-content\/uploads\/2020\/11\/herman-audio.png&#8221; _builder_version=&#8221;4.16&#8243; _module_preset=&#8221;default&#8221; body_text_align=&#8221;left&#8221; background_color=&#8221;rgba(0,0,0,0)&#8221; background_enable_color=&#8221;on&#8221; border_radii_image=&#8221;on|50px|50px|50px|50px&#8221; global_colors_info=&#8221;{}&#8221; sticky_transition=&#8221;on&#8221;]<\/p>\n<h4 class=\"et_pb_module_header\"><span>Dise\u00f1o sistema de control y administraci\u00f3n de edificio<\/span><\/h4>\n<p>[\/et_pb_slide][et_pb_slide heading=&#8221;Hotel Ibis |Tijuana, B.C.&#8221; button_text=&#8221;Ver detalles&#8221; button_link=&#8221;https:\/\/www.btgamericas.com\/project\/hotel-ibis-tijuana-b-c\/&#8221; image=&#8221;https:\/\/www.btgamericas.com\/site\/wp-content\/uploads\/2020\/11\/hotel.jpg&#8221; _builder_version=&#8221;4.16&#8243; _module_preset=&#8221;default&#8221; body_text_align=&#8221;left&#8221; background_color=&#8221;rgba(0,0,0,0)&#8221; background_enable_color=&#8221;on&#8221; border_radii_image=&#8221;on|50px|50px|50px|50px&#8221; global_colors_info=&#8221;{}&#8221; sticky_transition=&#8221;on&#8221;]<\/p>\n<ul>\n<li>Sistema de control y administraci\u00f3n de edificio.<\/li>\n<li>Sistema de automatizaci\u00f3n de Aire Acondicionado (sistema VRF aut\u00f3nomo con integraci\u00f3n).<\/li>\n<li>Sistema de automatizaci\u00f3n de Iluminaci\u00f3n.<\/li>\n<li>Medici\u00f3n de la energ\u00eda el\u00e9ctrica por grupos de grandes consumidores.<\/li>\n<li>Gesti\u00f3n de edificio (BMS).<\/li>\n<\/ul>\n<p>[\/et_pb_slide][\/et_pb_slider][\/et_pb_column][\/et_pb_row][\/et_pb_section][et_pb_section fb_built=&#8221;1&#8243; _builder_version=&#8221;4.16&#8243; custom_padding=&#8221;27px||0px|||&#8221; global_colors_info=&#8221;{}&#8221;][et_pb_row _builder_version=&#8221;4.16&#8243; _module_preset=&#8221;default&#8221; global_colors_info=&#8221;{}&#8221;][et_pb_column type=&#8221;4_4&#8243; _builder_version=&#8221;4.16&#8243; _module_preset=&#8221;default&#8221; global_colors_info=&#8221;{}&#8221;][et_pb_text _builder_version=&#8221;4.16&#8243; _module_preset=&#8221;default&#8221; header_2_text_align=&#8221;center&#8221; header_2_text_color=&#8221;#235ba8&#8243; animation_style=&#8221;slide&#8221; animation_direction=&#8221;bottom&#8221; global_colors_info=&#8221;{}&#8221;]<\/p>\n<h2><span style=\"font-weight: 400;\">Innovaci\u00f3n <\/span><span style=\"font-weight: 400;\">tecnol\u00f3gica <\/span><span style=\"font-weight: 400;\">que <\/span><span style=\"font-weight: 400;\">incrementa <\/span><span style=\"font-weight: 400;\">la <\/span><span style=\"font-weight: 400;\">rentabilidad<\/span><\/h2>\n<p>[\/et_pb_text][\/et_pb_column][\/et_pb_row][et_pb_row column_structure=&#8221;1_4,1_4,1_4,1_4&#8243; disabled_on=&#8221;off|off|off&#8221; module_class=&#8221;doscolumnas&#8221; _builder_version=&#8221;4.16&#8243; width=&#8221;98%&#8221; max_width=&#8221;1440px&#8221; module_alignment=&#8221;center&#8221; global_colors_info=&#8221;{}&#8221;][et_pb_column type=&#8221;1_4&#8243; _builder_version=&#8221;4.16&#8243; global_colors_info=&#8221;{}&#8221;][et_pb_blurb title=&#8221;Gesti\u00f3n de Proyectos&#8221; image=&#8221;https:\/\/www.btgamericas.com\/site\/wp-content\/uploads\/2020\/02\/automation.svg&#8221; image_icon_width=&#8221;25%&#8221; _builder_version=&#8221;4.16&#8243; header_level=&#8221;h2&#8243; header_text_align=&#8221;center&#8221; header_text_color=&#8221;#63b345&#8243; body_text_align=&#8221;center&#8221; custom_padding=&#8221;|15px||15px|false|true&#8221; image_max_width=&#8221;25%&#8221; global_colors_info=&#8221;{}&#8221;]Dise\u00f1o, implementaci\u00f3n, gesti\u00f3n de ejecuci\u00f3n, commissioning, servicio.[\/et_pb_blurb][\/et_pb_column][et_pb_column type=&#8221;1_4&#8243; _builder_version=&#8221;4.16&#8243; global_colors_info=&#8221;{}&#8221;][et_pb_blurb title=&#8221;Control de Acceso&#8221; image=&#8221;https:\/\/www.btgamericas.com\/site\/wp-content\/uploads\/2020\/09\/icon2.png&#8221; image_icon_width=&#8221;51%&#8221; _builder_version=&#8221;4.16&#8243; header_level=&#8221;h2&#8243; header_text_align=&#8221;center&#8221; header_text_color=&#8221;#63b345&#8243; body_text_align=&#8221;center&#8221; custom_padding=&#8221;|15px||15px|false|true&#8221; image_max_width=&#8221;51%&#8221; global_colors_info=&#8221;{}&#8221;]Seguridad integral interoperativa.[\/et_pb_blurb][\/et_pb_column][et_pb_column type=&#8221;1_4&#8243; _builder_version=&#8221;4.16&#8243; global_colors_info=&#8221;{}&#8221;][et_pb_blurb title=&#8221;CCTV &#8221; image=&#8221;https:\/\/www.btgamericas.com\/site\/wp-content\/uploads\/2020\/09\/icon4.png&#8221; image_icon_width=&#8221;51%&#8221; _builder_version=&#8221;4.16&#8243; header_level=&#8221;h2&#8243; header_text_align=&#8221;center&#8221; header_text_color=&#8221;#63b345&#8243; body_text_align=&#8221;center&#8221; custom_padding=&#8221;|15px||15px|false|true&#8221; image_max_width=&#8221;51%&#8221; global_colors_info=&#8221;{}&#8221;]<\/p>\n<p><span style=\"font-weight: 400;\">An\u00e1lisis de v\u00eddeo, total integraci\u00f3n.<\/span><\/p>\n<p><span style=\"font-weight: 400;\"><\/span><\/p>\n<p>[\/et_pb_blurb][\/et_pb_column][et_pb_column type=&#8221;1_4&#8243; _builder_version=&#8221;4.16&#8243; global_colors_info=&#8221;{}&#8221;][et_pb_blurb title=&#8221;Control y Automatizaci\u00f3n &#8221; image=&#8221;https:\/\/www.btgamericas.com\/site\/wp-content\/uploads\/2020\/09\/aire.png&#8221; image_icon_width=&#8221;51%&#8221; _builder_version=&#8221;4.16&#8243; header_level=&#8221;h2&#8243; header_text_align=&#8221;center&#8221; header_text_color=&#8221;#63b345&#8243; body_text_align=&#8221;center&#8221; width=&#8221;98.4%&#8221; custom_padding=&#8221;|15px||15px|false|true&#8221; image_max_width=&#8221;51%&#8221; global_colors_info=&#8221;{}&#8221;]<\/p>\n<p>Uso racional de la energ\u00eda.<\/p>\n<p>[\/et_pb_blurb][\/et_pb_column][\/et_pb_row][\/et_pb_section][et_pb_section fb_built=&#8221;1&#8243; disabled_on=&#8221;off|off|off&#8221; _builder_version=&#8221;4.27.4&#8243; background_enable_color=&#8221;off&#8221; custom_padding=&#8221;0px||0px|||&#8221; bottom_divider_height=&#8221;35px&#8221; bottom_divider_height_tablet=&#8221;&#8221; bottom_divider_height_phone=&#8221;50px&#8221; bottom_divider_height_last_edited=&#8221;on|desktop&#8221; global_colors_info=&#8221;{}&#8221;][et_pb_row column_structure=&#8221;1_4,1_4,1_4,1_4&#8243; disabled_on=&#8221;off|off|off&#8221; module_class=&#8221;doscolumnas&#8221; _builder_version=&#8221;4.27.4&#8243; width=&#8221;98%&#8221; max_width=&#8221;1440px&#8221; module_alignment=&#8221;center&#8221; global_colors_info=&#8221;{}&#8221;][et_pb_column type=&#8221;1_4&#8243; _builder_version=&#8221;4.27.4&#8243; _module_preset=&#8221;default&#8221; global_colors_info=&#8221;{}&#8221;][et_pb_blurb title=&#8221;Control y Monitoreo &#8221; image=&#8221;https:\/\/www.btgamericas.com\/site\/wp-content\/uploads\/2020\/09\/icon7.png&#8221; image_icon_width=&#8221;51%&#8221; _builder_version=&#8221;4.16&#8243; header_level=&#8221;h2&#8243; header_text_align=&#8221;center&#8221; header_text_color=&#8221;#63b345&#8243; body_text_align=&#8221;center&#8221; custom_padding=&#8221;|15px||15px|false|true&#8221; image_max_width=&#8221;51%&#8221; global_colors_info=&#8221;{}&#8221;]<\/p>\n<p>Certeza y eficiencia en la operaci\u00f3n.<\/p>\n<p>[\/et_pb_blurb][\/et_pb_column][et_pb_column type=&#8221;1_4&#8243; _builder_version=&#8221;4.16&#8243; global_colors_info=&#8221;{}&#8221;][et_pb_blurb title=&#8221;Monitoreo de Consumos&#8221; image=&#8221;https:\/\/www.btgamericas.com\/site\/wp-content\/uploads\/2020\/09\/icon6b.png&#8221; image_icon_width=&#8221;51%&#8221; _builder_version=&#8221;4.16&#8243; header_level=&#8221;h2&#8243; header_text_align=&#8221;center&#8221; header_text_color=&#8221;#63b345&#8243; body_text_align=&#8221;center&#8221; custom_padding=&#8221;|15px||15px|false|true&#8221; image_max_width=&#8221;51%&#8221; global_colors_info=&#8221;{}&#8221;]<\/p>\n<p>Energ\u00eda, Fluidos, Gases, Combustibles.<\/p>\n<p>[\/et_pb_blurb][\/et_pb_column][et_pb_column type=&#8221;1_4&#8243; _builder_version=&#8221;4.16&#8243; global_colors_info=&#8221;{}&#8221;][et_pb_blurb title=&#8221;Facturaci\u00f3n de Consumos&#8221; image=&#8221;https:\/\/www.btgamericas.com\/site\/wp-content\/uploads\/2020\/09\/icon5.png&#8221; image_icon_width=&#8221;51%&#8221; _builder_version=&#8221;4.16&#8243; header_level=&#8221;h2&#8243; header_text_align=&#8221;center&#8221; header_text_color=&#8221;#63b345&#8243; body_text_align=&#8221;center&#8221; custom_padding=&#8221;|15px||15px|false|true&#8221; image_max_width=&#8221;51%&#8221; global_colors_info=&#8221;{}&#8221;]<\/p>\n<h2>(Tenant Billing)<\/h2>\n<p>[\/et_pb_blurb][\/et_pb_column][et_pb_column type=&#8221;1_4&#8243; _builder_version=&#8221;4.16&#8243; global_colors_info=&#8221;{}&#8221;][et_pb_blurb title=&#8221;Alarma Contra Incendio&#8221; image=&#8221;https:\/\/www.btgamericas.com\/site\/wp-content\/uploads\/2020\/09\/icon3.png&#8221; image_icon_width=&#8221;51%&#8221; _builder_version=&#8221;4.16&#8243; header_level=&#8221;h2&#8243; header_text_align=&#8221;center&#8221; header_text_color=&#8221;#63b345&#8243; body_text_align=&#8221;center&#8221; custom_padding=&#8221;|15px||15px|false|true&#8221; image_max_width=&#8221;51%&#8221; global_colors_info=&#8221;{}&#8221;]Protecci\u00f3n de la vida humana.[\/et_pb_blurb][\/et_pb_column][\/et_pb_row][et_pb_row disabled_on=&#8221;off|off|off&#8221; _builder_version=&#8221;4.27.4&#8243; custom_padding=&#8221;2px||14px||false|false&#8221; global_colors_info=&#8221;{}&#8221;][et_pb_column type=&#8221;4_4&#8243; _builder_version=&#8221;4.16&#8243; global_colors_info=&#8221;{}&#8221;][et_pb_slider show_content_on_mobile=&#8221;off&#8221; show_cta_on_mobile=&#8221;off&#8221; disabled_on=&#8221;off|off|off&#8221; _builder_version=&#8221;4.27.4&#8243; _module_preset=&#8221;default&#8221; header_font_size=&#8221;38px&#8221; module_alignment=&#8221;center&#8221; custom_margin=&#8221;55px|||||&#8221; custom_padding=&#8221;||0px|||&#8221; auto=&#8221;on&#8221; auto_speed=&#8221;5000&#8243; global_colors_info=&#8221;{}&#8221;][et_pb_slide heading=&#8221;Conoce a Nuestros Socios de Negocios&#8221; _builder_version=&#8221;4.27.4&#8243; _module_preset=&#8221;default&#8221; header_text_color=&#8221;#63b345&#8243; background_color=&#8221;#ffffff&#8221; background_enable_color=&#8221;on&#8221; custom_padding=&#8221;0px||0px||true|false&#8221; global_colors_info=&#8221;{}&#8221; sticky_transition=&#8221;on&#8221;][\/et_pb_slide][\/et_pb_slider][\/et_pb_column][\/et_pb_row][\/et_pb_section][et_pb_section fb_built=&#8221;1&#8243; fullwidth=&#8221;on&#8221; admin_label=&#8221;Socios de Negocios&#8221; _builder_version=&#8221;4.27.4&#8243; _module_preset=&#8221;default&#8221; custom_padding=&#8221;66px|||||&#8221; global_colors_info=&#8221;{}&#8221;][et_pb_fullwidth_slider arrows_custom_color=&#8221;#235BA8&#8243; admin_label=&#8221;Socios de Negocios&#8221; _builder_version=&#8221;4.27.4&#8243; _module_preset=&#8221;default&#8221; header_level=&#8221;h3&#8243; header_font=&#8221;|700|||||||&#8221; header_text_align=&#8221;right&#8221; header_text_color=&#8221;#63B345&#8243; background_color=&#8221;#FFFFFF&#8221; min_height=&#8221;453.9px&#8221; custom_margin=&#8221;-60px|||||&#8221; custom_padding=&#8221;1px|||||&#8221; ab_subject=&#8221;on&#8221; ab_subject_id=&#8221;1&#8243; ab_goal=&#8221;on&#8221; global_colors_info=&#8221;{}&#8221;][et_pb_slide heading=&#8221; WiriTec &#8221; button_link=&#8221;https:\/\/www.wiritec.com\/en\/partners-and-memberships\/&#8221; image=&#8221;https:\/\/www.btgamericas.com\/site\/wp-content\/uploads\/2024\/12\/WiriTec_Logo-2.jpg&#8221; _builder_version=&#8221;4.27.4&#8243; _module_preset=&#8221;default&#8221; global_colors_info=&#8221;{}&#8221; sticky_transition=&#8221;on&#8221;]<\/p>\n<p style=\"text-align: justify;\"><span style=\"color: #235ba8;\"><\/span><\/p>\n<p style=\"text-align: justify;\"><span style=\"color: #235ba8;\">Empresa de software, cuenta con 15 a\u00f1os de experiencia en el desarrollo de soluciones inform\u00e1ticas eficientes para la gesti\u00f3n exitosa de datos y recursos energ\u00e9ticos. <\/span><\/p>\n<p style=\"text-align: justify;\"><span style=\"color: #235ba8;\">Sus soluciones integrales, certificadas seg\u00fan la norma ISO 50.001, optimizan el ciclo completo de la gesti\u00f3n de sus datos energ\u00e9ticos.<\/span><\/p>\n<p>[\/et_pb_slide][et_pb_slide heading=&#8221;Your Title Goes Here&#8221; button_text=&#8221;Click Here&#8221; _builder_version=&#8221;4.27.4&#8243; _module_preset=&#8221;default&#8221; global_colors_info=&#8221;{}&#8221; sticky_transition=&#8221;on&#8221;]<\/p>\n<p>Your content goes here. Edit or remove this text inline or in the module Content settings. You can also style every aspect of this content in the module Design settings and even apply custom CSS to this text in the module Advanced settings.<\/p>\n<p>[\/et_pb_slide][\/et_pb_fullwidth_slider][et_pb_fullwidth_slider arrows_custom_color=&#8221;#235BA8&#8243; admin_label=&#8221;Socios de Negocios&#8221; _builder_version=&#8221;4.27.4&#8243; _module_preset=&#8221;default&#8221; header_level=&#8221;h3&#8243; header_font=&#8221;|700|||||||&#8221; header_text_align=&#8221;right&#8221; header_text_color=&#8221;#63B345&#8243; background_color=&#8221;#FFFFFF&#8221; custom_padding=&#8221;110px|||||&#8221; ab_subject=&#8221;on&#8221; ab_subject_id=&#8221;2&#8243; ab_goal=&#8221;on&#8221; global_colors_info=&#8221;{}&#8221;][et_pb_slide heading=&#8221; WiriTec &#8221; button_link=&#8221;https:\/\/www.wiritec.com\/en\/partners-and-memberships\/&#8221; image=&#8221;https:\/\/www.btgamericas.com\/site\/wp-content\/uploads\/2024\/12\/WiriTec_Logo-2.jpg&#8221; _builder_version=&#8221;4.27.4&#8243; _module_preset=&#8221;default&#8221; header_level=&#8221;h1&#8243; header_font=&#8221;||||||||&#8221; box_shadow_style_image=&#8221;preset2&#8243; global_colors_info=&#8221;{}&#8221; sticky_transition=&#8221;on&#8221;]<\/p>\n<p style=\"text-align: justify;\"><span style=\"color: #235ba8;\"><\/span><\/p>\n<p style=\"text-align: justify;\"><span style=\"color: #235ba8;\">Empresa de software, cuenta con 15 a\u00f1os de experiencia en el desarrollo de soluciones inform\u00e1ticas eficientes para la gesti\u00f3n exitosa de datos y recursos energ\u00e9ticos. <\/span><\/p>\n<p style=\"text-align: justify;\"><span style=\"color: #235ba8;\">Sus soluciones integrales, certificadas seg\u00fan la norma ISO 50.001, optimizan el ciclo completo de la gesti\u00f3n de sus datos energ\u00e9ticos.<\/span><\/p>\n<p>[\/et_pb_slide][et_pb_slide heading=&#8221;Your Title Goes Here&#8221; button_text=&#8221;Click Here&#8221; _builder_version=&#8221;4.27.4&#8243; _module_preset=&#8221;default&#8221; global_colors_info=&#8221;{}&#8221; sticky_transition=&#8221;on&#8221;]<\/p>\n<p>Your content goes here. Edit or remove this text inline or in the module Content settings. You can also style every aspect of this content in the module Design settings and even apply custom CSS to this text in the module Advanced settings.<\/p>\n<p>[\/et_pb_slide][\/et_pb_fullwidth_slider][\/et_pb_section][et_pb_section fb_built=&#8221;1&#8243; disabled_on=&#8221;on|on|on&#8221; _builder_version=&#8221;4.16&#8243; custom_padding=&#8221;27px|||||&#8221; disabled=&#8221;on&#8221; global_colors_info=&#8221;{}&#8221;][et_pb_row disabled_on=&#8221;off|off|off&#8221; _builder_version=&#8221;4.16&#8243; custom_padding=&#8221;||14px||false|false&#8221; global_colors_info=&#8221;{}&#8221;][et_pb_column type=&#8221;4_4&#8243; _builder_version=&#8221;4.16&#8243; global_colors_info=&#8221;{}&#8221;][et_pb_slider show_content_on_mobile=&#8221;off&#8221; show_cta_on_mobile=&#8221;off&#8221; disabled_on=&#8221;on|on|on&#8221; _builder_version=&#8221;4.27.4&#8243; _module_preset=&#8221;default&#8221; header_font_size=&#8221;38px&#8221; module_alignment=&#8221;center&#8221; auto=&#8221;on&#8221; auto_speed=&#8221;5000&#8243; disabled=&#8221;on&#8221; global_colors_info=&#8221;{}&#8221;][et_pb_slide heading=&#8221;BTG es sin\u00f3nimo de Innovaci\u00f3n, Conocimiento y \u00c9xito&#8221; _builder_version=&#8221;4.16&#8243; _module_preset=&#8221;default&#8221; header_text_color=&#8221;#63b345&#8243; background_color=&#8221;#ffffff&#8221; background_enable_color=&#8221;on&#8221; custom_padding=&#8221;0px||0px||true|false&#8221; global_colors_info=&#8221;{}&#8221; sticky_transition=&#8221;on&#8221;][\/et_pb_slide][et_pb_slide heading=&#8221;Automatizaci\u00f3n de Edificios&#8221; _builder_version=&#8221;4.16&#8243; _module_preset=&#8221;default&#8221; header_text_color=&#8221;#63b345&#8243; body_text_color=&#8221;#235ba8&#8243; background_color=&#8221;#ffffff&#8221; background_enable_color=&#8221;on&#8221; custom_padding=&#8221;0px||0px||true|false&#8221; global_colors_info=&#8221;{}&#8221; sticky_transition=&#8221;on&#8221;]<\/p>\n<p>Edificios inteligentes<\/p>\n<p>[\/et_pb_slide][et_pb_slide heading=&#8221;Soluciones integrales para todos los sistemas especiales de bajo voltaje&#8221; _builder_version=&#8221;4.16&#8243; _module_preset=&#8221;default&#8221; header_text_color=&#8221;#63b345&#8243; body_text_color=&#8221;#235ba8&#8243; background_color=&#8221;#ffffff&#8221; background_enable_color=&#8221;on&#8221; custom_padding=&#8221;0px||0px||true|false&#8221; global_colors_info=&#8221;{}&#8221; sticky_transition=&#8221;on&#8221;]<\/p>\n<p>Con soporte para el administrador de proyecto para la ejecuci\u00f3n coordinada con todas las especialidades relacionadas, racionalizando recursos con la mejor relaci\u00f3n de costo\/beneficio.<\/p>\n<p>[\/et_pb_slide][et_pb_slide heading=&#8221;Soluciones inteligentes para el control y administraci\u00f3n de los recursos&#8221; _builder_version=&#8221;4.16&#8243; _module_preset=&#8221;default&#8221; header_text_color=&#8221;#63b345&#8243; body_text_color=&#8221;#235ba8&#8243; background_color=&#8221;#ffffff&#8221; background_enable_color=&#8221;on&#8221; custom_padding=&#8221;0px||0px||true|false&#8221; global_colors_info=&#8221;{}&#8221; sticky_transition=&#8221;on&#8221;][\/et_pb_slide][et_pb_slide heading=&#8221;Dise\u00f1o con Tecnolog\u00eda de Vanguardia&#8221; _builder_version=&#8221;4.16&#8243; _module_preset=&#8221;default&#8221; header_text_color=&#8221;#63b345&#8243; body_text_color=&#8221;#235ba8&#8243; background_color=&#8221;#ffffff&#8221; background_enable_color=&#8221;on&#8221; custom_padding=&#8221;0px||0px||true|false&#8221; global_colors_info=&#8221;{}&#8221; sticky_transition=&#8221;on&#8221;]<\/p>\n<p>Eficiencia &#8211; Seguridad &#8211; Inteligencia<\/p>\n<p>[\/et_pb_slide][\/et_pb_slider][\/et_pb_column][\/et_pb_row][et_pb_row column_structure=&#8221;1_4,1_4,1_4,1_4&#8243; disabled_on=&#8221;off|off|off&#8221; _builder_version=&#8221;4.27.4&#8243; width=&#8221;98%&#8221; max_width=&#8221;1440px&#8221; module_alignment=&#8221;center&#8221; global_colors_info=&#8221;{}&#8221;][et_pb_column type=&#8221;1_4&#8243; _builder_version=&#8221;4.16&#8243; global_colors_info=&#8221;{}&#8221;][et_pb_blurb title=&#8221;Automatizaci\u00f3n de Edificios&#8221; image=&#8221;https:\/\/www.btgamericas.com\/site\/wp-content\/uploads\/2020\/02\/automation.svg&#8221; image_icon_width=&#8221;25%&#8221; _builder_version=&#8221;4.16&#8243; header_level=&#8221;h2&#8243; header_text_align=&#8221;center&#8221; header_text_color=&#8221;#63b345&#8243; body_text_align=&#8221;center&#8221; image_max_width=&#8221;25%&#8221; global_colors_info=&#8221;{}&#8221;]<\/p>\n<p>Edificios Inteligentes.<\/p>\n<p>[\/et_pb_blurb][\/et_pb_column][et_pb_column type=&#8221;1_4&#8243; _builder_version=&#8221;4.16&#8243; global_colors_info=&#8221;{}&#8221;][et_pb_blurb title=&#8221;Bajo Voltaje&#8221; image=&#8221;https:\/\/www.btgamericas.com\/site\/wp-content\/uploads\/2020\/09\/plug.svg&#8221; image_icon_width=&#8221;25%&#8221; _builder_version=&#8221;4.16&#8243; header_level=&#8221;h2&#8243; header_text_align=&#8221;center&#8221; header_text_color=&#8221;#63b345&#8243; body_text_align=&#8221;center&#8221; image_max_width=&#8221;25%&#8221; global_colors_info=&#8221;{}&#8221;]<\/p>\n<p>Soluciones integrales a todos los sistemas especiales de bajo voltaje.<\/p>\n<p>[\/et_pb_blurb][\/et_pb_column][et_pb_column type=&#8221;1_4&#8243; _builder_version=&#8221;4.16&#8243; global_colors_info=&#8221;{}&#8221;][et_pb_blurb title=&#8221;Recursos&#8221; image=&#8221;https:\/\/www.btgamericas.com\/site\/wp-content\/uploads\/2020\/02\/pencil.svg&#8221; image_icon_width=&#8221;25%&#8221; _builder_version=&#8221;4.16&#8243; header_level=&#8221;h2&#8243; header_text_align=&#8221;center&#8221; header_text_color=&#8221;#63b345&#8243; body_text_align=&#8221;center&#8221; image_max_width=&#8221;25%&#8221; global_colors_info=&#8221;{}&#8221;]<\/p>\n<p>Soluciones inteligentes para el control y administraci\u00f3n de los recursos.<\/p>\n<p>[\/et_pb_blurb][\/et_pb_column][et_pb_column type=&#8221;1_4&#8243; _builder_version=&#8221;4.16&#8243; global_colors_info=&#8221;{}&#8221;][et_pb_blurb title=&#8221;Dise\u00f1o con Tecnolog\u00eda de Vanguardia &#8221; image=&#8221;https:\/\/www.btgamericas.com\/site\/wp-content\/uploads\/2020\/02\/tech.svg&#8221; image_icon_width=&#8221;25%&#8221; _builder_version=&#8221;4.16&#8243; header_level=&#8221;h2&#8243; header_text_align=&#8221;center&#8221; header_text_color=&#8221;#63b345&#8243; body_text_align=&#8221;center&#8221; image_max_width=&#8221;25%&#8221; global_colors_info=&#8221;{}&#8221;]<\/p>\n<p>Eficiencia &#8211; Seguridad &#8211; Inteligencia.<\/p>\n<p>[\/et_pb_blurb][\/et_pb_column][\/et_pb_row][\/et_pb_section]<\/p>\n","protected":false},"excerpt":{"rendered":"<p>Sistema de automatizaci\u00f3n de Aire Acondicionado Sistema de automatizaci\u00f3n de Iluminaci\u00f3n. Sistemas de medici\u00f3n de consumo de energ\u00eda el\u00e9ctrica. Gesti\u00f3n de edificio (BMS). Dise\u00f1o sistema de control y administraci\u00f3n de edificio Sistema de control y administraci\u00f3n de edificio. Sistema de automatizaci\u00f3n de Aire Acondicionado (sistema VRF aut\u00f3nomo con integraci\u00f3n). Sistema de automatizaci\u00f3n de Iluminaci\u00f3n. Medici\u00f3n [&hellip;]<\/p>\n","protected":false},"author":1,"featured_media":0,"parent":0,"menu_order":0,"comment_status":"closed","ping_status":"closed","template":"","meta":{"_et_pb_use_builder":"on","_et_pb_old_content":"","_et_gb_content_width":"1080","inline_featured_image":false},"_links":{"self":[{"href":"https:\/\/www.btgamericas.com\/en\/wp-json\/wp\/v2\/pages\/2"}],"collection":[{"href":"https:\/\/www.btgamericas.com\/en\/wp-json\/wp\/v2\/pages"}],"about":[{"href":"https:\/\/www.btgamericas.com\/en\/wp-json\/wp\/v2\/types\/page"}],"author":[{"embeddable":true,"href":"https:\/\/www.btgamericas.com\/en\/wp-json\/wp\/v2\/users\/1"}],"replies":[{"embeddable":true,"href":"https:\/\/www.btgamericas.com\/en\/wp-json\/wp\/v2\/comments?post=2"}],"version-history":[{"count":62,"href":"https:\/\/www.btgamericas.com\/en\/wp-json\/wp\/v2\/pages\/2\/revisions"}],"predecessor-version":[{"id":663,"href":"https:\/\/www.btgamericas.com\/en\/wp-json\/wp\/v2\/pages\/2\/revisions\/663"}],"wp:attachment":[{"href":"https:\/\/www.btgamericas.com\/en\/wp-json\/wp\/v2\/media?parent=2"}],"curies":[{"name":"wp","href":"https:\/\/api.w.org\/{rel}","templated":true}]}}